{"id":86,"date":"2014-12-28T20:17:07","date_gmt":"2014-12-28T20:17:07","guid":{"rendered":"http:\/\/ab-family-office.ic-os.de\/?page_id=86"},"modified":"2022-01-05T17:21:21","modified_gmt":"2022-01-05T16:21:21","slug":"immobilien-2","status":"publish","type":"page","link":"https:\/\/ab-family-office.ic-os.de\/de\/segmente\/immobilien-2\/","title":{"rendered":"Immobilien"},"content":{"rendered":"<h4>Das A.B. Family Office h\u00e4lt Immobilien in ihrem Eigentum und verwaltet diese eigenst\u00e4ndig.<\/h4>\n<h4>Es kauft, saniert und verkauft Immobilien ausschlie\u00dflich in 1a Lagen.<\/h4>\n<h4>Es kooperiert mit Immobilienfonds und angesehenen Immobilienmaklern. Es kauft und ver\u00e4u\u00dfert im Einzelfall auch als Makler in eigener Sache.<\/h4>\n<h4>Das A.B. Family Office ist im privaten Immobiliensektor t\u00e4tig und erweitert sein Portfolio in 2015 um die gewerbliche Immobilie.<\/h4>\n<p><a href=\"http:\/\/ab-family-office.ic-os.de\/wp-content\/uploads\/2014\/12\/Barendregt_stehend_kl.jpg\"><img loading=\"lazy\" decoding=\"async\" class=\"alignleft size-full wp-image-8\" src=\"http:\/\/ab-family-office.ic-os.de\/wp-content\/uploads\/2014\/12\/Barendregt_stehend_kl.jpg\" alt=\"Barendregt_stehend_kl\" width=\"239\" height=\"195\"><\/a><\/p>\n<p>&nbsp;<\/p>\n<p>&nbsp;<\/p>\n<p>&nbsp;<\/p>\n<p>&nbsp;<\/p>\n<p>&nbsp;<\/p>\n<hr>\n<p><strong>Aktuelle Angebote:<\/strong><\/p>\n<ul>\n<li>Luxus-Immobilien<\/li>\n<li>Gewerbe-Immobilien<\/li>\n<li>Fabrikanlagen<\/li>\n<\/ul>\n","protected":false},"excerpt":{"rendered":"<p>Das A.B. Family Office h\u00e4lt Immobilien in ihrem Eigentum und verwaltet diese eigenst\u00e4ndig. Es kauft, saniert und verkauft Immobilien ausschlie\u00dflich in 1a Lagen. Es kooperiert mit Immobilienfonds und angesehenen Immobilienmaklern. Es kauft und ver\u00e4u\u00dfert im Einzelfall auch als Makler in eigener Sache. Das A.B. Family Office ist im privaten Immobiliensektor t\u00e4tig und erweitert sein Portfolio &hellip; <\/p>\n<p class=\"read-more\"><a class=\"btn btn-default\" href=\"https:\/\/ab-family-office.ic-os.de\/de\/segmente\/immobilien-2\/\"> Read More<span class=\"screen-reader-text\">  Read More<\/span><\/a><\/p>\n","protected":false},"author":1,"featured_media":0,"parent":68,"menu_order":1,"comment_status":"closed","ping_status":"open","template":"templates\/template-fullwidth.php","meta":{"footnotes":""},"class_list":["post-86","page","type-page","status-publish","hentry"],"_links":{"self":[{"href":"https:\/\/ab-family-office.ic-os.de\/de\/wp-json\/wp\/v2\/pages\/86","targetHints":{"allow":["GET"]}}],"collection":[{"href":"https:\/\/ab-family-office.ic-os.de\/de\/wp-json\/wp\/v2\/pages"}],"about":[{"href":"https:\/\/ab-family-office.ic-os.de\/de\/wp-json\/wp\/v2\/types\/page"}],"author":[{"embeddable":true,"href":"https:\/\/ab-family-office.ic-os.de\/de\/wp-json\/wp\/v2\/users\/1"}],"replies":[{"embeddable":true,"href":"https:\/\/ab-family-office.ic-os.de\/de\/wp-json\/wp\/v2\/comments?post=86"}],"version-history":[{"count":0,"href":"https:\/\/ab-family-office.ic-os.de\/de\/wp-json\/wp\/v2\/pages\/86\/revisions"}],"up":[{"embeddable":true,"href":"https:\/\/ab-family-office.ic-os.de\/de\/wp-json\/wp\/v2\/pages\/68"}],"wp:attachment":[{"href":"https:\/\/ab-family-office.ic-os.de\/de\/wp-json\/wp\/v2\/media?parent=86"}],"curies":[{"name":"wp","href":"https:\/\/api.w.org\/{rel}","templated":true}]}}