{"id":79,"date":"2014-12-28T20:14:01","date_gmt":"2014-12-28T20:14:01","guid":{"rendered":"http:\/\/ab-family-office.ic-os.de\/?page_id=79"},"modified":"2018-05-22T23:12:11","modified_gmt":"2018-05-22T21:12:11","slug":"finanzen","status":"publish","type":"page","link":"https:\/\/ab-family-office.ic-os.de\/de\/segmente\/finanzen\/","title":{"rendered":"Finanzen"},"content":{"rendered":"<h4>Das A. B. Family Office ist im Portfoliomanagement, Asset- und Wealthmanagement t\u00e4tig.<\/h4>\n<h4>Es verantwortet das Controlling und Reporting eigenst\u00e4ndig.<\/h4>\n<h4>Es kooperiert mit Gesch\u00e4ftsbanken, Investmentbanken, Investmentfonds\u00a0und Private Equity, in Deutschland sowie in der russischen F\u00f6deration.<\/h4>\n<p><a href=\"http:\/\/ab-family-office.ic-os.de\/wp-content\/uploads\/2014\/12\/HU85947-Kopie_Ausschnitt.jpg\"><img loading=\"lazy\" decoding=\"async\" class=\"alignleft wp-image-402\" src=\"http:\/\/ab-family-office.ic-os.de\/wp-content\/uploads\/2014\/12\/HU85947-Kopie_Ausschnitt-1024x688.jpg\" alt=\"_HU85947 Kopie_Ausschnitt\" width=\"450\" height=\"302\" srcset=\"https:\/\/ab-family-office.ic-os.de\/wp-content\/uploads\/2014\/12\/HU85947-Kopie_Ausschnitt-1024x688.jpg 1024w, https:\/\/ab-family-office.ic-os.de\/wp-content\/uploads\/2014\/12\/HU85947-Kopie_Ausschnitt-300x201.jpg 300w\" sizes=\"auto, (max-width: 450px) 100vw, 450px\" \/><\/a><\/p>\n<p>&nbsp;<\/p>\n<p>&nbsp;<\/p>\n<p>&nbsp;<\/p>\n","protected":false},"excerpt":{"rendered":"<p>Das A. B. Family Office ist im Portfoliomanagement, Asset- und Wealthmanagement t\u00e4tig. Es verantwortet das Controlling und Reporting eigenst\u00e4ndig. Es kooperiert mit Gesch\u00e4ftsbanken, Investmentbanken, Investmentfonds\u00a0und Private Equity, in Deutschland sowie in der russischen F\u00f6deration. &nbsp; &nbsp; &nbsp;<\/p>\n","protected":false},"author":1,"featured_media":0,"parent":68,"menu_order":0,"comment_status":"closed","ping_status":"open","template":"templates\/template-fullwidth.php","meta":{"footnotes":""},"class_list":["post-79","page","type-page","status-publish","hentry"],"_links":{"self":[{"href":"https:\/\/ab-family-office.ic-os.de\/de\/wp-json\/wp\/v2\/pages\/79","targetHints":{"allow":["GET"]}}],"collection":[{"href":"https:\/\/ab-family-office.ic-os.de\/de\/wp-json\/wp\/v2\/pages"}],"about":[{"href":"https:\/\/ab-family-office.ic-os.de\/de\/wp-json\/wp\/v2\/types\/page"}],"author":[{"embeddable":true,"href":"https:\/\/ab-family-office.ic-os.de\/de\/wp-json\/wp\/v2\/users\/1"}],"replies":[{"embeddable":true,"href":"https:\/\/ab-family-office.ic-os.de\/de\/wp-json\/wp\/v2\/comments?post=79"}],"version-history":[{"count":0,"href":"https:\/\/ab-family-office.ic-os.de\/de\/wp-json\/wp\/v2\/pages\/79\/revisions"}],"up":[{"embeddable":true,"href":"https:\/\/ab-family-office.ic-os.de\/de\/wp-json\/wp\/v2\/pages\/68"}],"wp:attachment":[{"href":"https:\/\/ab-family-office.ic-os.de\/de\/wp-json\/wp\/v2\/media?parent=79"}],"curies":[{"name":"wp","href":"https:\/\/api.w.org\/{rel}","templated":true}]}}