{"id":47,"date":"2014-12-28T19:42:00","date_gmt":"2014-12-28T18:42:00","guid":{"rendered":"http:\/\/ab-family-office.ic-os.de\/?page_id=47"},"modified":"2022-01-17T20:22:09","modified_gmt":"2022-01-17T19:22:09","slug":"ueber-uns","status":"publish","type":"page","link":"https:\/\/ab-family-office.ic-os.de\/de\/","title":{"rendered":"\u00dcber uns"},"content":{"rendered":"<h3><span style=\"color: #272727;\">Das A. B.\u00a0single Family Office ist ein integrierter Finanzdienstleistungsbereich der <a style=\"color: #272727;\" title=\"MCS Unternehmensberatung und Management Service GmbH\" href=\"http:\/\/www.mcsconsult.de\" target=\"_blank\" rel=\"noopener\">MCS Unternehmensberatung und Management Service GmbH<\/a> mit Stammsitz am Starnberger See (Deutschland), ebenso vertreten durch die Repr\u00e4sentanz der MCS GmbH in Moskau (Russische F\u00f6deration).<\/span><\/h3>\n<p>&nbsp;<\/p>\n<h4><span style=\"color: #272727;\">Mit allen Aufgaben und Aktivit\u00e4ten verbindet das A. B. Family Office ein hochgestelltes Ziel:<\/span><\/h4>\n<ul>\n<li><span style=\"color: #272727;\">erfolgreiches Wirtschaften<\/span><\/li>\n<li><span style=\"color: #272727;\">Sicherung des Verm\u00f6gens durch solide Investitionen<\/span><\/li>\n<li><span style=\"color: #272727;\">sowie eine den jeweiligen Marktbedingungen angepasste optimale Wertsch\u00f6pfung<\/span><\/li>\n<\/ul>\n<p><span style=\"color: #272727;\">Das A. B. Family Office wird vom Gr\u00fcnder der Gesellschaft <strong>Andre Barendregt<\/strong> pers\u00f6nlich gef\u00fchrt.<\/span><\/p>\n<figure style=\"width: 468px\" class=\"wp-caption aligncenter\"><a style=\"color: #272727;\" href=\"http:\/\/ab-family-office.ic-os.de\/wp-content\/uploads\/2014\/12\/Barendregt_sitzend.png\"><img loading=\"lazy\" decoding=\"async\" src=\"http:\/\/ab-family-office.ic-os.de\/wp-content\/uploads\/2014\/12\/Barendregt_sitzend.png\" alt=\"Barendregt_sitzend\" width=\"468\" height=\"264\" \/><\/a><figcaption class=\"wp-caption-text\">Andre Barendregt<\/figcaption><\/figure>\n","protected":false},"excerpt":{"rendered":"<p>Das A. B.\u00a0single Family Office ist ein integrierter Finanzdienstleistungsbereich der MCS Unternehmensberatung und Management Service GmbH mit Stammsitz am Starnberger See (Deutschland), ebenso vertreten durch die Repr\u00e4sentanz der MCS GmbH in Moskau (Russische F\u00f6deration). &nbsp; Mit allen Aufgaben und Aktivit\u00e4ten verbindet das A. B. Family Office ein hochgestelltes Ziel: erfolgreiches Wirtschaften Sicherung des Verm\u00f6gens durch &hellip; <\/p>\n<p class=\"read-more\"><a class=\"btn btn-default\" href=\"https:\/\/ab-family-office.ic-os.de\/de\/\"> Read More<span class=\"screen-reader-text\">  Read More<\/span><\/a><\/p>\n","protected":false},"author":1,"featured_media":0,"parent":0,"menu_order":0,"comment_status":"closed","ping_status":"closed","template":"templates\/template-fullwidth.php","meta":{"footnotes":""},"class_list":["post-47","page","type-page","status-publish","hentry"],"_links":{"self":[{"href":"https:\/\/ab-family-office.ic-os.de\/de\/wp-json\/wp\/v2\/pages\/47","targetHints":{"allow":["GET"]}}],"collection":[{"href":"https:\/\/ab-family-office.ic-os.de\/de\/wp-json\/wp\/v2\/pages"}],"about":[{"href":"https:\/\/ab-family-office.ic-os.de\/de\/wp-json\/wp\/v2\/types\/page"}],"author":[{"embeddable":true,"href":"https:\/\/ab-family-office.ic-os.de\/de\/wp-json\/wp\/v2\/users\/1"}],"replies":[{"embeddable":true,"href":"https:\/\/ab-family-office.ic-os.de\/de\/wp-json\/wp\/v2\/comments?post=47"}],"version-history":[{"count":0,"href":"https:\/\/ab-family-office.ic-os.de\/de\/wp-json\/wp\/v2\/pages\/47\/revisions"}],"wp:attachment":[{"href":"https:\/\/ab-family-office.ic-os.de\/de\/wp-json\/wp\/v2\/media?parent=47"}],"curies":[{"name":"wp","href":"https:\/\/api.w.org\/{rel}","templated":true}]}}