{"id":345,"date":"2014-12-29T19:24:21","date_gmt":"2014-12-29T19:24:21","guid":{"rendered":"http:\/\/ab-family-office.ic-os.de\/?page_id=345"},"modified":"2018-05-22T23:01:26","modified_gmt":"2018-05-22T21:01:26","slug":"impressum","status":"publish","type":"page","link":"https:\/\/ab-family-office.ic-os.de\/de\/impressum\/","title":{"rendered":"Impressum"},"content":{"rendered":"<h2><span style=\"color: #990000;\">Angaben gem\u00e4\u00df \u00a7 5 TMG:<\/span><\/h2>\n<p>A. B. Family Office GmbH<br \/>\nc\/o MCS Consult GmbH<br \/>\nM\u00fcnchner Strasse 19a<br \/>\nD-82319 Starnberg<\/p>\n<h3>Vertreten durch:<br \/>\nHerr Andre Barendregt<\/h3>\n<h2><span style=\"color: #990000;\">Kontakt:<\/span><\/h2>\n<table>\n<tbody>\n<tr>\n<td>Telefon:<\/td>\n<td>+49.8151.2240<\/td>\n<\/tr>\n<tr>\n<td>Telefax:<\/td>\n<td>+49.8151.2243<\/td>\n<\/tr>\n<tr>\n<td>E-Mail:<\/td>\n<td>andre.barendregt@mcsconsult.de<\/td>\n<\/tr>\n<\/tbody>\n<\/table>\n<h2><span style=\"color: #990000;\">Registereintrag:<\/span><\/h2>\n<p>Eintragung im Handelsregister.<br \/>\nRegistergericht:Amtsgericht M\u00fcnchen<br \/>\nRegisternummer: HRB-82925<\/p>\n<h2><span style=\"color: #990000;\">Umsatzsteuer-ID:<\/span><\/h2>\n<p>Umsatzsteuer-Identifikationsnummer gem\u00e4\u00df \u00a727 a Umsatzsteuergesetz:<br \/>\nDE 128236 189<\/p>\n<h2><span style=\"color: #990000;\">Verantwortlich f\u00fcr den Inhalt nach \u00a7 55 Abs. 2 RStV:<\/span><\/h2>\n<p>Andre Barendregt<br \/>\nM\u00fcnchner Strasse 19a<br \/>\nD- 82319 Starnberg<\/p>\n<p><strong>Webmaster:<\/strong><\/p>\n<p>Oliver Schwab<br \/>\nLudwig-Thoma-Weg 1b<br \/>\nD-82319 Starnberg<\/p>\n<h2><span style=\"color: #990000;\">Quellenangaben f\u00fcr die verwendeten Bilder und Grafiken:<\/span><\/h2>\n<p><a href=\"http:\/\/www.lipographie.de\">http:\/\/www.lipographie.de<\/a><br \/>\nChristine Lipovec<\/p>\n<p>weitere Quellen:<\/p>\n<p>\u00a9 Fotolia: Fineas<br \/>\n\u00a9 iStockphoto: xyno6, sodafish, ShutterWorx<br \/>\nMoskau Bild: \u00a9 foto-julius.at<br \/>\nBrandenburger Tor Bild: \u00a9 Thomas Wolf, foto-tw.de<\/p>\n<p>Quelle: <em><a href=\"http:\/\/www.e-recht24.de\">http:\/\/www.e-recht24.de<\/a><\/em><\/p>\n","protected":false},"excerpt":{"rendered":"<p>Angaben gem\u00e4\u00df \u00a7 5 TMG: A. B. Family Office GmbH c\/o MCS Consult GmbH M\u00fcnchner Strasse 19a D-82319 Starnberg Vertreten durch: Herr Andre Barendregt Kontakt: Telefon: +49.8151.2240 Telefax: +49.8151.2243 E-Mail: andre.barendregt@mcsconsult.de Registereintrag: Eintragung im Handelsregister. Registergericht:Amtsgericht M\u00fcnchen Registernummer: HRB-82925 Umsatzsteuer-ID: Umsatzsteuer-Identifikationsnummer gem\u00e4\u00df \u00a727 a Umsatzsteuergesetz: DE 128236 189 Verantwortlich f\u00fcr den Inhalt nach \u00a7 55 &hellip; <\/p>\n<p class=\"read-more\"><a class=\"btn btn-default\" href=\"https:\/\/ab-family-office.ic-os.de\/de\/impressum\/\"> Read More<span class=\"screen-reader-text\">  Read More<\/span><\/a><\/p>\n","protected":false},"author":1,"featured_media":0,"parent":0,"menu_order":0,"comment_status":"closed","ping_status":"closed","template":"templates\/template-fullwidth.php","meta":{"footnotes":""},"class_list":["post-345","page","type-page","status-publish","hentry"],"_links":{"self":[{"href":"https:\/\/ab-family-office.ic-os.de\/de\/wp-json\/wp\/v2\/pages\/345","targetHints":{"allow":["GET"]}}],"collection":[{"href":"https:\/\/ab-family-office.ic-os.de\/de\/wp-json\/wp\/v2\/pages"}],"about":[{"href":"https:\/\/ab-family-office.ic-os.de\/de\/wp-json\/wp\/v2\/types\/page"}],"author":[{"embeddable":true,"href":"https:\/\/ab-family-office.ic-os.de\/de\/wp-json\/wp\/v2\/users\/1"}],"replies":[{"embeddable":true,"href":"https:\/\/ab-family-office.ic-os.de\/de\/wp-json\/wp\/v2\/comments?post=345"}],"version-history":[{"count":0,"href":"https:\/\/ab-family-office.ic-os.de\/de\/wp-json\/wp\/v2\/pages\/345\/revisions"}],"wp:attachment":[{"href":"https:\/\/ab-family-office.ic-os.de\/de\/wp-json\/wp\/v2\/media?parent=345"}],"curies":[{"name":"wp","href":"https:\/\/api.w.org\/{rel}","templated":true}]}}